{"id":8677,"date":"2025-04-03T13:48:13","date_gmt":"2025-04-03T11:48:13","guid":{"rendered":"https:\/\/caporizon.h-wd.fr\/?page_id=8677"},"modified":"2025-07-15T23:56:59","modified_gmt":"2025-07-15T21:56:59","slug":"reservation","status":"publish","type":"page","link":"https:\/\/caporizon.fr\/en\/booking-2\/","title":{"rendered":"Reservation"},"content":{"rendered":"<div data-elementor-type=\"wp-page\" data-elementor-id=\"8677\" class=\"elementor elementor-8677\" data-elementor-post-type=\"page\">\n\t\t\t\t<div class=\"elementor-element elementor-element-f603fe6 tm-col-stretched-right e-flex e-con-boxed tm-bg-color-over-image e-con e-parent\" data-id=\"f603fe6\" data-element_type=\"container\" data-settings=\"{&quot;background_background&quot;:&quot;slideshow&quot;,&quot;background_slideshow_gallery&quot;:[{&quot;id&quot;:13735,&quot;url&quot;:&quot;https:\\\/\\\/caporizon.fr\\\/wp-content\\\/uploads\\\/2025\\\/07\\\/axfp8jbaxlq.jpg&quot;},{&quot;id&quot;:13733,&quot;url&quot;:&quot;https:\\\/\\\/caporizon.fr\\\/wp-content\\\/uploads\\\/2025\\\/07\\\/cmyjq30pbwk.jpg&quot;},{&quot;id&quot;:13736,&quot;url&quot;:&quot;https:\\\/\\\/caporizon.fr\\\/wp-content\\\/uploads\\\/2025\\\/07\\\/wha-fxttyok.jpg&quot;},{&quot;id&quot;:12100,&quot;url&quot;:&quot;https:\\\/\\\/caporizon.fr\\\/wp-content\\\/uploads\\\/2025\\\/06\\\/0mf_ywx470o.jpg&quot;},{&quot;id&quot;:11635,&quot;url&quot;:&quot;https:\\\/\\\/caporizon.fr\\\/wp-content\\\/uploads\\\/2025\\\/06\\\/zx0s27d3fw.jpg&quot;},{&quot;id&quot;:13734,&quot;url&quot;:&quot;https:\\\/\\\/caporizon.fr\\\/wp-content\\\/uploads\\\/2025\\\/07\\\/c3s8o0ksbyq.jpg&quot;}],&quot;background_slideshow_loop&quot;:&quot;yes&quot;,&quot;background_slideshow_slide_duration&quot;:5000,&quot;background_slideshow_slide_transition&quot;:&quot;fade&quot;,&quot;background_slideshow_transition_duration&quot;:500}\">\n\t\t\t\t\t<div class=\"e-con-inner\">\n\t\t\t\t<div class=\"elementor-element elementor-element-a1d9245 horizontal-line-align-left vertical-line-align-bottom elementor-widget elementor-widget-tm-ele-section-title\" data-id=\"a1d9245\" data-element_type=\"widget\" data-widget_type=\"tm-ele-section-title.default\">\n\t\t\t\t<div class=\"elementor-widget-container\">\n\t\t\t\t\t<div class=\"tm-sc-section-title section-title line-right-current-theme\">\r\n\t<div class=\"title-wrapper\">\r\n\t\t\t\t\r\n\r\n<div class=\"sub-title-outer\">\r\n\t\t<div class=\"subtitle\">\r\n\r\n\t\t\r\n\t\tBook at the best rate\t<\/div>\r\n\t<\/div>\t\t\t<h1 class=\"title tm-split-text split-in-right\">\r\n\r\n\t\t\r\n\t\t\t\t<span class=\"title-part1\">Reservation<\/span>\r\n\t\t\t\t\r\n\t\t\r\n\t<\/h1>\r\n\t<div class=\"title-seperator-line\"><\/div>\t\t\t\t\t\t<\/div>\r\n<\/div>\t\t\t\t<\/div>\n\t\t\t\t<\/div>\n\t\t\t\t\t<\/div>\n\t\t\t\t<\/div>\n\t\t<div class=\"elementor-element elementor-element-49cad61 e-flex e-con-boxed tm-col-stretched-none tm-bg-color-over-image e-con e-parent\" data-id=\"49cad61\" data-element_type=\"container\">\n\t\t\t\t\t<div class=\"e-con-inner\">\n\t\t\t\t<div class=\"elementor-element elementor-element-e62681e elementor-widget elementor-widget-html\" data-id=\"e62681e\" data-element_type=\"widget\" data-widget_type=\"html.default\">\n\t\t\t\t<div class=\"elementor-widget-container\">\n\t\t\t\t\t<iframe \n  id=\"iframeReservation\"\n  src=\"https:\/\/app.superhote.com\/#\/get-available-rentals\/lWqPBInX5xnG3VtQ12dG2JSwb?lang=en\"\n  style=\"width:100%; height:4000px; border:none;\"\n  loading=\"lazy\" scrolling=\"no\">\n<\/iframe>\n\n<script>\n  const urlParams = new URLSearchParams(window.location.search);\n  const startDate = urlParams.get(\"startDate\");\n  const endDate = urlParams.get(\"endDate\");\n  const adults = urlParams.get(\"adultsNumber\") || 2;\n  const children = urlParams.get(\"childrenNumber\") || 0;\n\n  if (startDate && endDate) {\n    const iframeUrl = `https:\/\/app.superhote.com\/#\/get-available-rentals\/lWqPBInX5xnG3VtQ12dG2JSwb?startDate=${startDate}&endDate=${endDate}&adultsNumber=${adults}&childrenNumber=${children}&lang=fr`;\n    document.getElementById(\"iframeReservation\").src = iframeUrl;\n  }\n<\/script>\n\t\t\t\t<\/div>\n\t\t\t\t<\/div>\n\t\t\t\t\t<\/div>\n\t\t\t\t<\/div>\n\t\t\t\t<\/div>","protected":false},"excerpt":{"rendered":"<p>Booking at the best rate Booking<\/p>","protected":false},"author":1,"featured_media":0,"parent":0,"menu_order":0,"comment_status":"closed","ping_status":"closed","template":"","meta":{"footnotes":""},"class_list":["post-8677","page","type-page","status-publish","hentry"],"yoast_head":"<!-- This site is optimized with the Yoast SEO plugin v25.4 - https:\/\/yoast.com\/wordpress\/plugins\/seo\/ -->\n<title>R\u00e9servation - Caporizon Location Appartements<\/title>\n<meta name=\"robots\" content=\"index, follow, max-snippet:-1, max-image-preview:large, max-video-preview:-1\" \/>\n<link rel=\"canonical\" href=\"https:\/\/caporizon.fr\/en\/booking-2\/\" \/>\n<meta property=\"og:locale\" content=\"en_GB\" \/>\n<meta property=\"og:type\" content=\"article\" \/>\n<meta property=\"og:title\" content=\"R\u00e9servation - Caporizon Location Appartements\" \/>\n<meta property=\"og:description\" content=\"R\u00e9servation au meilleur tarif R\u00e9servation\" \/>\n<meta property=\"og:url\" content=\"https:\/\/caporizon.fr\/en\/booking-2\/\" \/>\n<meta property=\"og:site_name\" content=\"Caporizon Location Appartements\" \/>\n<meta property=\"article:publisher\" content=\"https:\/\/www.facebook.com\/caporizon.caporizon\" \/>\n<meta property=\"article:modified_time\" content=\"2025-07-15T21:56:59+00:00\" \/>\n<meta name=\"twitter:card\" content=\"summary_large_image\" \/>\n<meta name=\"twitter:label1\" content=\"Estimated reading time\" \/>\n\t<meta name=\"twitter:data1\" content=\"1 minute\" \/>\n<script type=\"application\/ld+json\" class=\"yoast-schema-graph\">{\"@context\":\"https:\/\/schema.org\",\"@graph\":[{\"@type\":\"WebPage\",\"@id\":\"https:\/\/caporizon.fr\/reservation\/\",\"url\":\"https:\/\/caporizon.fr\/reservation\/\",\"name\":\"R\u00e9servation - Caporizon Location Appartements\",\"isPartOf\":{\"@id\":\"https:\/\/caporizon.fr\/#website\"},\"datePublished\":\"2025-04-03T11:48:13+00:00\",\"dateModified\":\"2025-07-15T21:56:59+00:00\",\"breadcrumb\":{\"@id\":\"https:\/\/caporizon.fr\/reservation\/#breadcrumb\"},\"inLanguage\":\"en-GB\",\"potentialAction\":[{\"@type\":\"ReadAction\",\"target\":[\"https:\/\/caporizon.fr\/reservation\/\"]}]},{\"@type\":\"BreadcrumbList\",\"@id\":\"https:\/\/caporizon.fr\/reservation\/#breadcrumb\",\"itemListElement\":[{\"@type\":\"ListItem\",\"position\":1,\"name\":\"Accueil\",\"item\":\"https:\/\/caporizon.fr\/\"},{\"@type\":\"ListItem\",\"position\":2,\"name\":\"R\u00e9servation\"}]},{\"@type\":\"WebSite\",\"@id\":\"https:\/\/caporizon.fr\/#website\",\"url\":\"https:\/\/caporizon.fr\/\",\"name\":\"Caporizon Location Appartements\",\"description\":\"\",\"publisher\":{\"@id\":\"https:\/\/caporizon.fr\/#organization\"},\"potentialAction\":[{\"@type\":\"SearchAction\",\"target\":{\"@type\":\"EntryPoint\",\"urlTemplate\":\"https:\/\/caporizon.fr\/?s={search_term_string}\"},\"query-input\":{\"@type\":\"PropertyValueSpecification\",\"valueRequired\":true,\"valueName\":\"search_term_string\"}}],\"inLanguage\":\"en-GB\"},{\"@type\":\"Organization\",\"@id\":\"https:\/\/caporizon.fr\/#organization\",\"name\":\"Caporizon Location Appartements\",\"url\":\"https:\/\/caporizon.fr\/\",\"logo\":{\"@type\":\"ImageObject\",\"inLanguage\":\"en-GB\",\"@id\":\"https:\/\/caporizon.fr\/#\/schema\/logo\/image\/\",\"url\":\"https:\/\/caporizon.fr\/wp-content\/uploads\/2025\/05\/color-logo-no-background-974x1024-2.png\",\"contentUrl\":\"https:\/\/caporizon.fr\/wp-content\/uploads\/2025\/05\/color-logo-no-background-974x1024-2.png\",\"width\":974,\"height\":1024,\"caption\":\"Caporizon Location Appartements\"},\"image\":{\"@id\":\"https:\/\/caporizon.fr\/#\/schema\/logo\/image\/\"},\"sameAs\":[\"https:\/\/www.facebook.com\/caporizon.caporizon\",\"https:\/\/www.instagram.com\/caporizon\/?hl=fr\"]}]}<\/script>\n<!-- \/ Yoast SEO plugin. -->","yoast_head_json":{"title":"R\u00e9servation - Caporizon Location Appartements","robots":{"index":"index","follow":"follow","max-snippet":"max-snippet:-1","max-image-preview":"max-image-preview:large","max-video-preview":"max-video-preview:-1"},"canonical":"https:\/\/caporizon.fr\/en\/booking-2\/","og_locale":"en_GB","og_type":"article","og_title":"R\u00e9servation - Caporizon Location Appartements","og_description":"R\u00e9servation au meilleur tarif R\u00e9servation","og_url":"https:\/\/caporizon.fr\/en\/booking-2\/","og_site_name":"Caporizon Location Appartements","article_publisher":"https:\/\/www.facebook.com\/caporizon.caporizon","article_modified_time":"2025-07-15T21:56:59+00:00","twitter_card":"summary_large_image","twitter_misc":{"Estimated reading time":"1 minute"},"schema":{"@context":"https:\/\/schema.org","@graph":[{"@type":"WebPage","@id":"https:\/\/caporizon.fr\/reservation\/","url":"https:\/\/caporizon.fr\/reservation\/","name":"R\u00e9servation - Caporizon Location Appartements","isPartOf":{"@id":"https:\/\/caporizon.fr\/#website"},"datePublished":"2025-04-03T11:48:13+00:00","dateModified":"2025-07-15T21:56:59+00:00","breadcrumb":{"@id":"https:\/\/caporizon.fr\/reservation\/#breadcrumb"},"inLanguage":"en-GB","potentialAction":[{"@type":"ReadAction","target":["https:\/\/caporizon.fr\/reservation\/"]}]},{"@type":"BreadcrumbList","@id":"https:\/\/caporizon.fr\/reservation\/#breadcrumb","itemListElement":[{"@type":"ListItem","position":1,"name":"Accueil","item":"https:\/\/caporizon.fr\/"},{"@type":"ListItem","position":2,"name":"R\u00e9servation"}]},{"@type":"WebSite","@id":"https:\/\/caporizon.fr\/#website","url":"https:\/\/caporizon.fr\/","name":"Caporizon Location Appartements","description":"","publisher":{"@id":"https:\/\/caporizon.fr\/#organization"},"potentialAction":[{"@type":"SearchAction","target":{"@type":"EntryPoint","urlTemplate":"https:\/\/caporizon.fr\/?s={search_term_string}"},"query-input":{"@type":"PropertyValueSpecification","valueRequired":true,"valueName":"search_term_string"}}],"inLanguage":"en-GB"},{"@type":"Organization","@id":"https:\/\/caporizon.fr\/#organization","name":"Caporizon Location Appartements","url":"https:\/\/caporizon.fr\/","logo":{"@type":"ImageObject","inLanguage":"en-GB","@id":"https:\/\/caporizon.fr\/#\/schema\/logo\/image\/","url":"https:\/\/caporizon.fr\/wp-content\/uploads\/2025\/05\/color-logo-no-background-974x1024-2.png","contentUrl":"https:\/\/caporizon.fr\/wp-content\/uploads\/2025\/05\/color-logo-no-background-974x1024-2.png","width":974,"height":1024,"caption":"Caporizon Location Appartements"},"image":{"@id":"https:\/\/caporizon.fr\/#\/schema\/logo\/image\/"},"sameAs":["https:\/\/www.facebook.com\/caporizon.caporizon","https:\/\/www.instagram.com\/caporizon\/?hl=fr"]}]}},"_links":{"self":[{"href":"https:\/\/caporizon.fr\/en\/wp-json\/wp\/v2\/pages\/8677","targetHints":{"allow":["GET"]}}],"collection":[{"href":"https:\/\/caporizon.fr\/en\/wp-json\/wp\/v2\/pages"}],"about":[{"href":"https:\/\/caporizon.fr\/en\/wp-json\/wp\/v2\/types\/page"}],"author":[{"embeddable":true,"href":"https:\/\/caporizon.fr\/en\/wp-json\/wp\/v2\/users\/1"}],"replies":[{"embeddable":true,"href":"https:\/\/caporizon.fr\/en\/wp-json\/wp\/v2\/comments?post=8677"}],"version-history":[{"count":12,"href":"https:\/\/caporizon.fr\/en\/wp-json\/wp\/v2\/pages\/8677\/revisions"}],"predecessor-version":[{"id":13742,"href":"https:\/\/caporizon.fr\/en\/wp-json\/wp\/v2\/pages\/8677\/revisions\/13742"}],"wp:attachment":[{"href":"https:\/\/caporizon.fr\/en\/wp-json\/wp\/v2\/media?parent=8677"}],"curies":[{"name":"wp","href":"https:\/\/api.w.org\/{rel}","templated":true}]}}